{"id":14134,"date":"2025-10-03T07:07:12","date_gmt":"2025-10-03T06:07:12","guid":{"rendered":"https:\/\/www.shd.lu\/aidant\/"},"modified":"2025-10-10T15:43:30","modified_gmt":"2025-10-10T14:43:30","slug":"pflegende-angehoerige","status":"publish","type":"page","link":"https:\/\/www.shd.lu\/de\/pflegende-angehoerige\/","title":{"rendered":"Pflegende Angeh\u00f6rige"},"content":{"rendered":"<p>[vc_row tm_bgimagefixed=&#8220;&#8220; equal_height=&#8220;yes&#8220; content_placement=&#8220;middle&#8220;][vc_column width=&#8220;1\/4&#8243; offset=&#8220;vc_hidden-md vc_hidden-sm vc_hidden-xs&#8220;][vc_single_image image=&#8220;753&#8243; img_size=&#8220;full&#8220; alignment=&#8220;center&#8220;][\/vc_column][vc_column width=&#8220;3\/4&#8243; offset=&#8220;vc_hidden-md vc_hidden-sm vc_hidden-xs&#8220;][vc_column_text css=&#8220;.vc_custom_1759749506109{margin-bottom: 1em !important;}&#8220;]<\/p>\n<h1 class=\"tm-custom-heading \">Schulungen f\u00fcr pflegende Angeh\u00f6rige<\/h1>\n<p>[\/vc_column_text][vc_column_text el_class=&#8220;introdarkblue&#8220;]Weil Ihre Rolle so wertvoll ist, bieten Ihnen unsere Schulungen praktische Hilfsmittel, n\u00fctzliche Ressourcen und Momente des Austauschs, um Sie auf Ihrem Weg als pflegende\/r Angeh\u00f6rige\/r zu unterst\u00fctzen.<\/p>\n<p>Ob als Partner\/in, Elternteil, Kind oder nahe Bezugsperson \u2013 unsere Schulungen helfen Ihnen, gut f\u00fcr sich selbst zu sorgen, w\u00e4hrend Sie f\u00fcr andere da sind.[\/vc_column_text][\/vc_column][\/vc_row][vc_row tm_bgimagefixed=&#8220;&#8220;][vc_column width=&#8220;1\/4&#8243; offset=&#8220;vc_hidden-lg&#8220;][vc_single_image image=&#8220;753&#8243; img_size=&#8220;100&#215;100&#8243; alignment=&#8220;center&#8220;][\/vc_column][vc_column width=&#8220;3\/4&#8243; offset=&#8220;vc_hidden-lg&#8220;][vc_column_text css=&#8220;.vc_custom_1759749512491{margin-bottom: 1em !important;}&#8220;]<\/p>\n<h1 style=\"font-size: 2em; text-align: center;\">Schulungen f\u00fcr pflegende Angeh\u00f6rige<\/h1>\n<p>[\/vc_column_text][vc_column_text el_class=&#8220;introdarkblue&#8220;]<\/p>\n<p style=\"text-align: center;\">Weil Ihre Rolle so wertvoll ist, bieten Ihnen unsere Schulungen praktische Hilfsmittel, n\u00fctzliche Ressourcen und Momente des Austauschs, um Sie auf Ihrem Weg als pflegende\/r Angeh\u00f6rige\/r zu unterst\u00fctzen.<\/p>\n<p style=\"text-align: center;\">Ob als Partner\/in, Elternteil, Kind oder nahe Bezugsperson \u2013 unsere Schulungen helfen Ihnen, gut f\u00fcr sich selbst zu sorgen, w\u00e4hrend Sie f\u00fcr andere da sind.<\/p>\n<p>[\/vc_column_text][\/vc_column][\/vc_row][vc_row][vc_column][vc_separator border_width=&#8220;2&#8243; css=&#8220;.vc_custom_1635867021915{margin-top: 1em !important;margin-bottom: 1em !important;}&#8220;][\/vc_column][\/vc_row][vc_row tm_bgimagefixed=&#8220;&#8220; tm_responsive_css=&#8220;34573578|colbreak_no|||||||||colbreak_no|||||||0px||colbreak_no||||||||||colbreak_no|||||||||&#8220; css=&#8220;.vc_custom_1635443149144{margin-bottom: 1em !important;}&#8220;][vc_column][vc_single_image image=&#8220;13989&#8243; img_size=&#8220;full&#8220; alignment=&#8220;center&#8220; css=&#8220;.vc_custom_1759471866515{margin-bottom: 1em !important;}&#8220;][\/vc_column][\/vc_row][vc_row tm_bgimagefixed=&#8220;&#8220; full_width=&#8220;stretch_row&#8220; css=&#8220;.vc_custom_1759747538437{padding-top: 25px !important;padding-bottom: 50px !important;}&#8220;][vc_column][vc_column_text]<\/p>\n<h2 style=\"font-size: 1.4em; line-height: 1.2em;\">Sorgen Sie auch f\u00fcr sich selbst!<\/h2>\n<p>[\/vc_column_text]<ul class=\"tm-list tm-list-style-icon tm-list-icon-color-skincolor tm- tm-icon-skincolor tm-list-textsize- tm-list-icon-library-fontawesome\"><li><i class=\"tm-skincolor fa fa-stop\"><\/i>  <span class=\"tm-list-li-content\"><b>Warum teilnehmen<\/b>\n<\/span><\/li><\/ul><ul class=\"tm-list tm-list-style-icon tm-list-icon-color-skincolor tm- tm-icon-skincolor tm-list-textsize- tm-list-icon-library-fontawesome vc_custom_1759749748385\"><li><i class=\"tm-skincolor fa fa-caret-right\"><\/i>  <span class=\"tm-list-li-content\">St\u00e4rken Sie Ihre Kompetenzen und Ihr Selbstvertrauen\n<\/span><\/li><li><i class=\"tm-skincolor fa fa-caret-right\"><\/i>  <span class=\"tm-list-li-content\">Teilen Sie Ihre Erfahrungen und lernen Sie von anderen Angeh\u00f6rigen<\/span><\/li><li><i class=\"tm-skincolor fa fa-caret-right\"><\/i>  <span class=\"tm-list-li-content\">Finden Sie Geh\u00f6r, Unterst\u00fctzung und Beratung bei Gesundheitsfachleuten<\/span><\/li><\/ul><ul class=\"tm-list tm-list-style-icon tm-list-icon-color-skincolor tm- tm-icon-skincolor tm-list-textsize- tm-list-icon-library-fontawesome\"><li><i class=\"tm-skincolor fa fa-stop\"><\/i>  <span class=\"tm-list-li-content\"><b>Das Programm<\/b>\n<\/span><\/li><\/ul>[vc_column_text css=&#8220;.vc_custom_1759749771545{margin-top: -20px !important;margin-bottom: 20px !important;margin-left: 20px !important;}&#8220;]Jede Schulung dauert ca. 2,5 Stunden und umfasst :[\/vc_column_text]<ul class=\"tm-list tm-list-style-icon tm-list-icon-color-skincolor tm- tm-icon-skincolor tm-list-textsize- tm-list-icon-library-fontawesome vc_custom_1759749795460\"><li><i class=\"tm-skincolor fa fa-caret-right\"><\/i>  <span class=\"tm-list-li-content\">Eine Informationsveranstaltung<\/span><\/li><li><i class=\"tm-skincolor fa fa-caret-right\"><\/i>  <span class=\"tm-list-li-content\">Praktische Workshops (z. B. Entspannung, Wohlf\u00fchl\u00fcbungen)<\/span><\/li><li><i class=\"tm-skincolor fa fa-caret-right\"><\/i>  <span class=\"tm-list-li-content\">Gesellige Austauschmomente bei einem Getr\u00e4nk<\/span><\/li><\/ul>[vc_column_text css=&#8220;.vc_custom_1759749803606{margin-top: -20px !important;margin-bottom: 20px !important;margin-left: 20px !important;}&#8220;]Die Schulungen finden je nach Bedarf in der Gruppe oder individuell statt.[\/vc_column_text]<ul class=\"tm-list tm-list-style-icon tm-list-icon-color-skincolor tm- tm-icon-skincolor tm-list-textsize- tm-list-icon-library-fontawesome\"><li><i class=\"tm-skincolor fa fa-stop\"><\/i>  <span class=\"tm-list-li-content\"><b>Unser Team<\/b>\n<\/span><\/li><\/ul>[vc_column_text css=&#8220;.vc_custom_1759749828971{margin-top: -20px !important;margin-bottom: 20px !important;margin-left: 20px !important;}&#8220;]Die Schulungen werden von einem multidisziplin\u00e4ren Team erfahrener Gesundheitsfachkr\u00e4fte aus unseren Activit\u00e9s Sp\u00e9cialis\u00e9es und unserem Pflegepersonal durchgef\u00fchrt:[\/vc_column_text]<ul class=\"tm-list tm-list-style-icon tm-list-icon-color-skincolor tm- tm-icon-skincolor tm-list-textsize- tm-list-icon-library-fontawesome vc_custom_1759749867203\"><li><i class=\"tm-skincolor fa fa-caret-right\"><\/i>  <span class=\"tm-list-li-content\">Ergotherapeut\/in<\/span><\/li><li><i class=\"tm-skincolor fa fa-caret-right\"><\/i>  <span class=\"tm-list-li-content\">Physiotherapeut\/in<\/span><\/li><li><i class=\"tm-skincolor fa fa-caret-right\"><\/i>  <span class=\"tm-list-li-content\">Psychologe\/Psychologin<\/span><\/li><li><i class=\"tm-skincolor fa fa-caret-right\"><\/i>  <span class=\"tm-list-li-content\">Di\u00e4tassistent\/in<\/span><\/li><li><i class=\"tm-skincolor fa fa-caret-right\"><\/i>  <span class=\"tm-list-li-content\">Psychomotoriktherapeut\/in<\/span><\/li><\/ul>\r\n\t\t<div class=\"tm-vc_btn3-container  bouton-media tm-vc_btn3-center\"><a class=\"tm-vc_general tm-vc_btn3 tm-vc_btn3-size-lg tm-vc_btn3-shape-rounded tm-vc_btn3-style-flat tm-vc_btn3-weight-no tm-vc_btn3-block tm-vc_btn3-color-skincolor\" href=\"https:\/\/www.shd.lu\/wp-content\/uploads\/2025\/10\/Formation-aidant_FlyerFR-DE_small.pdf\" title=\"\" target=\"_blank\">FLYER HERUNTERLADEN<\/a><\/div>[\/vc_column][\/vc_row][vc_row tm_bgimagefixed=&#8220;&#8220; full_width=&#8220;stretch_row&#8220; css=&#8220;.vc_custom_1759744521763{padding-top: 50px !important;padding-bottom: 50px !important;background-color: #ebe9e9 !important;}&#8220;][vc_column][vc_column_text]<\/p>\n<h2 style=\"font-size: 1.4em; line-height: 1.2em;\">Unsere n\u00e4chsten Schulungen<\/h2>\n<p>[\/vc_column_text]<ul class=\"tm-list tm-list-style-icon tm-list-icon-color-skincolor tm- tm-icon-skincolor tm-list-textsize- tm-list-icon-library-fontawesome\"><li><i class=\"tm-skincolor fa fa-stop\"><\/i>  <span class=\"tm-list-li-content\"><b>Thema<\/b>\n<\/span><\/li><\/ul>[vc_column_text css=&#8220;.vc_custom_1759749953677{margin-top: -20px !important;margin-bottom: 20px !important;margin-left: 20px !important;}&#8220;]Das Wohlbefinden der pflegenden Angeh\u00f6rigen \u2013 F\u00fcr sich selbst sorgen, um andere besser begleiten zu k\u00f6nnen:[\/vc_column_text]<ul class=\"tm-list tm-list-style-icon tm-list-icon-color-skincolor tm- tm-icon-skincolor tm-list-textsize- tm-list-icon-library-fontawesome vc_custom_1759749981198\"><li><i class=\"tm-skincolor fa fa-caret-right\"><\/i>  <span class=\"tm-list-li-content\">K\u00f6rperliches Wohlbefinden (Schlaf, Ern\u00e4hrung, K\u00f6rperpflege)\n<\/span><\/li><li><i class=\"tm-skincolor fa fa-caret-right\"><\/i>  <span class=\"tm-list-li-content\">Emotionales Wohlbefinden (Gef\u00fchle erkennen und ausdr\u00fccken, Kraft tanken)<\/span><\/li><li><i class=\"tm-skincolor fa fa-caret-right\"><\/i>  <span class=\"tm-list-li-content\">Psychisches Wohlbefinden (mentale Belastung reduzieren, innere Ressourcen st\u00e4rken)<\/span><\/li><\/ul><ul class=\"tm-list tm-list-style-icon tm-list-icon-color-skincolor tm- tm-icon-skincolor tm-list-textsize- tm-list-icon-library-fontawesome\"><li><i class=\"tm-skincolor fa fa-stop\"><\/i>  <span class=\"tm-list-li-content\"><b>Agenda<\/b>\n<\/span><\/li><\/ul>[vc_row_inner equal_height=&#8220;yes&#8220; gap=&#8220;30&#8243; el_class=&#8220;agenda&#8220;][vc_column_inner tm_bgcolor=&#8220;white&#8220; width=&#8220;1\/3&#8243; css=&#8220;.vc_custom_1759747298937{padding-top: 20px !important;}&#8220;][vc_single_image image=&#8220;13993&#8243; img_size=&#8220;140&#215;90&#8243; alignment=&#8220;center&#8220; css=&#8220;.vc_custom_1759476170325{margin-bottom: 10px !important;}&#8220;][vc_column_text]<\/p>\n<h3 style=\"text-align: center;\">Hesperange<\/h3>\n<p style=\"text-align: center;\">Salle Nicolas Braun<br \/>\n474 route de Thionville<br \/>\nL-5886 Alzingen<\/p>\n<p style=\"text-align: center;\">Montag, 17. November<br \/>\n13:30-16:00<br \/>\n<span style=\"font-size: small;\">(auf Franz\u00f6sisch)<\/span><\/p>\n<p style=\"text-align: center;\">Montag, 1. Dezember<br \/>\n13:30-16:00<br \/>\n<span style=\"font-size: small;\">(auf Luxemburgisch)<\/span><\/p>\n<p>[\/vc_column_text][\/vc_column_inner][vc_column_inner tm_bgcolor=&#8220;white&#8220; width=&#8220;1\/3&#8243; css=&#8220;.vc_custom_1759747306562{padding-top: 20px !important;}&#8220;][vc_single_image image=&#8220;13993&#8243; img_size=&#8220;140&#215;90&#8243; alignment=&#8220;center&#8220; css=&#8220;.vc_custom_1759476170325{margin-bottom: 10px !important;}&#8220;][vc_column_text]<\/p>\n<h3 style=\"text-align: center;\">Hupperdange<\/h3>\n<p style=\"text-align: center;\">Kulturzentrum<br \/>\n4 Kaesfurterstrooss<br \/>\nL-9755 Hupperdange<\/p>\n<p style=\"text-align: center;\"><span class=\"a_GcMg font-feature-liga-off font-feature-clig-off font-feature-calt-off text-decoration-none text-strikethrough-none\">Mittwoch<\/span>, 26. November<br \/>\n09:30-12:00<br \/>\n<span style=\"font-size: small;\">(auf Franz\u00f6sisch)<\/span><\/p>\n<p style=\"text-align: center;\"><span class=\"a_GcMg font-feature-liga-off font-feature-clig-off font-feature-calt-off text-decoration-none text-strikethrough-none\">Mittwoch<\/span>, 26. November<br \/>\n13:30-16:00<br \/>\n<span style=\"font-size: small;\">(auf Luxemburgisch)<\/span><\/p>\n<p>[\/vc_column_text][\/vc_column_inner][vc_column_inner tm_bgcolor=&#8220;white&#8220; width=&#8220;1\/3&#8243; css=&#8220;.vc_custom_1759747312115{padding-top: 20px !important;}&#8220;][vc_single_image image=&#8220;13993&#8243; img_size=&#8220;140&#215;90&#8243; alignment=&#8220;center&#8220; css=&#8220;.vc_custom_1759476170325{margin-bottom: 10px !important;}&#8220;][vc_column_text]<\/p>\n<h3 style=\"text-align: center;\">Niederkorn<\/h3>\n<p style=\"text-align: center;\">SHD Hilfe- und Pflegezentrum<br \/>\nGeb\u00e4ude Superwasch (1. Etage)<br \/>\n142 route de Bascharage<br \/>\nL-4513 Differdange<\/p>\n<p style=\"text-align: center;\">Freitag, 21. November<br \/>\n09:30-12:00<br \/>\n<span style=\"font-size: small;\">(auf Franz\u00f6sisch)<\/span><\/p>\n<p style=\"text-align: center;\">Freitag, 21. November<br \/>\n13:30-16:00<br \/>\n<span style=\"font-size: small;\">(auf Luxemburgisch)<\/span><\/p>\n<p>[\/vc_column_text][\/vc_column_inner][\/vc_row_inner]\r\n\t\t<div class=\"tm-vc_btn3-container  bouton-media tm-vc_btn3-center vc_custom_1759750304353\"><a class=\"tm-vc_general tm-vc_btn3 tm-vc_btn3-size-lg tm-vc_btn3-shape-rounded tm-vc_btn3-style-flat tm-vc_btn3-weight-no tm-vc_btn3-block tm-vc_btn3-color-skincolor\" href=\"mailto:admin.as@shd.lu\" title=\"\" target=\"_blank\">ANMELDEN<\/a><\/div>[vc_column_text]<\/p>\n<p style=\"text-align: center;\">\u26a0\ufe0f Da die Pl\u00e4tze begrenzt sind, empfehlen wir Ihnen, sich fr\u00fchzeitig anzumelden.<\/p>\n<p>[\/vc_column_text]\r\n\t\t<div class=\"tm-vc_btn3-container  bouton-media tm-vc_btn3-center\"><a class=\"tm-vc_general tm-vc_btn3 tm-vc_btn3-size-lg tm-vc_btn3-shape-rounded tm-vc_btn3-style-flat tm-vc_btn3-weight-no tm-vc_btn3-block tm-vc_btn3-color-skincolor\" href=\"https:\/\/www.shd.lu\/wp-content\/uploads\/2025\/10\/Formation-aidant_Programme2025FR-DE_small.pdf\" title=\"\" target=\"_blank\">PROGRAMM HERUNTERLADEN<\/a><\/div>[\/vc_column][\/vc_row][vc_row tm_bgimagefixed=&#8220;&#8220; css=&#8220;.vc_custom_1759747487705{padding-top: 50px !important;padding-bottom: 50px !important;}&#8220;][vc_column][vc_column_text]<\/p>\n<h2 style=\"text-align: left;\">H\u00e4ufig gestellte Fragen<\/h2>\n<p>[\/vc_column_text]<ul class=\"tm-list tm-list-style-icon tm-list-icon-color-skincolor tm- tm-icon-skincolor tm-list-textsize- tm-list-icon-library-fontawesome\"><li><i class=\"tm-skincolor fa fa-caret-right\"><\/i>  <span class=\"tm-list-li-content\"><b>Wer kann teilnehmen?<\/b><\/span><\/li><\/ul>[vc_column_text css=&#8220;.vc_custom_1759750449854{margin-top: -20px !important;margin-bottom: 20px !important;margin-left: 25px !important;}&#8220;]Alle Personen, die einen Angeh\u00f6rigen mit Pflegebedarf begleiten \u2013 ob Elternteil, Partner\/in, Kind oder andere nahestehende Person.[\/vc_column_text]<ul class=\"tm-list tm-list-style-icon tm-list-icon-color-skincolor tm- tm-icon-skincolor tm-list-textsize- tm-list-icon-library-fontawesome\"><li><i class=\"tm-skincolor fa fa-caret-right\"><\/i>  <span class=\"tm-list-li-content\"><b>Sind die Schulungen kostenpflichtig?<\/b><\/span><\/li><\/ul>[vc_column_text css=&#8220;.vc_custom_1759750477174{margin-top: -20px !important;margin-bottom: 20px !important;margin-left: 25px !important;}&#8220;]Sie k\u00f6nnen im Rahmen der Pflegeversicherung (AMD-FA \/ AMD-FAT) \u00fcbernommen werden. Bitte informieren Sie sich bei unserem Service Activit\u00e9s Sp\u00e9cialis\u00e9es.[\/vc_column_text]<ul class=\"tm-list tm-list-style-icon tm-list-icon-color-skincolor tm- tm-icon-skincolor tm-list-textsize- tm-list-icon-library-fontawesome\"><li><i class=\"tm-skincolor fa fa-caret-right\"><\/i>  <span class=\"tm-list-li-content\"><b>In welcher Sprache werden die Schulungen angeboten?<\/b><\/span><\/li><\/ul>[vc_column_text css=&#8220;.vc_custom_1759750496786{margin-top: -20px !important;margin-bottom: 20px !important;margin-left: 25px !important;}&#8220;]Jede Schulung findet entweder auf Franz\u00f6sisch oder Luxemburgisch statt (siehe Agenda oben).[\/vc_column_text]<ul class=\"tm-list tm-list-style-icon tm-list-icon-color-skincolor tm- tm-icon-skincolor tm-list-textsize- tm-list-icon-library-fontawesome\"><li><i class=\"tm-skincolor fa fa-caret-right\"><\/i>  <span class=\"tm-list-li-content\"><b>Was tun, wenn ich besondere Bed\u00fcrfnisse habe (Barrierefreiheit, Zeiten usw.)?<\/b><\/span><\/li><\/ul>[vc_column_text css=&#8220;.vc_custom_1759750518701{margin-top: -20px !important;margin-bottom: 20px !important;margin-left: 25px !important;}&#8220;]Kontaktieren Sie uns \u2013 wir tun unser M\u00f6glichstes, um Sie bestm\u00f6glich zu unterst\u00fctzen.[\/vc_column_text][\/vc_column][\/vc_row][vc_row tm_bgimagefixed=&#8220;&#8220;][vc_column][vc_column_text]<\/p>\n<h2 style=\"text-align: center;\">Kontakt<\/h2>\n<p>[\/vc_column_text][vc_column_text]<\/p>\n<p style=\"text-align: center;\"><strong>Service Activit\u00e9s Sp\u00e9cialis\u00e9es<\/strong><\/p>\n<p style=\"text-align: center;\"><a href=\"mailto:admin.as@shd.lu\">admin.as@shd.lu<\/a><\/p>\n<p style=\"text-align: center;\"><a href=\"tel:+3524020807200\">+352 40 20 80 7200<\/a><\/p>\n<p>[\/vc_column_text][\/vc_column][\/vc_row]<\/p>\n","protected":false},"excerpt":{"rendered":"<p>[vc_row tm_bgimagefixed=&#8220;&#8220; equal_height=&#8220;yes&#8220; content_placement=&#8220;middle&#8220;][vc_column width=&#8220;1\/4&#8243; offset=&#8220;vc_hidden-md vc_hidden-sm vc_hidden-xs&#8220;][vc_single_image image=&#8220;753&#8243; img_size=&#8220;full&#8220; alignment=&#8220;center&#8220;][\/vc_column][vc_column width=&#8220;3\/4&#8243; offset=&#8220;vc_hidden-md vc_hidden-sm vc_hidden-xs&#8220;][vc_column_text css=&#8220;.vc_custom_1759749506109{margin-bottom: 1em !important;}&#8220;] Schulungen f\u00fcr pflegende Angeh\u00f6rige [\/vc_column_text][vc_column_text el_class=&#8220;introdarkblue&#8220;]Weil Ihre Rolle so wertvoll ist, bieten Ihnen unsere Schulungen praktische Hilfsmittel, n\u00fctzliche Ressourcen und Momente des Austauschs, um Sie auf Ihrem Weg als pflegende\/r Angeh\u00f6rige\/r zu unterst\u00fctzen. Ob als Partner\/in, Elternteil, &hellip; <a href=\"https:\/\/www.shd.lu\/de\/pflegende-angehoerige\/\" class=\"more-link\">Continue reading <span class=\"screen-reader-text\">Pflegende Angeh\u00f6rige<\/span><\/a><\/p>\n","protected":false},"author":4,"featured_media":0,"parent":0,"menu_order":0,"comment_status":"closed","ping_status":"closed","template":"","meta":{"footnotes":""},"class_list":["post-14134","page","type-page","status-publish","hentry"],"yoast_head":"<!-- This site is optimized with the Yoast SEO plugin v27.4 - https:\/\/yoast.com\/product\/yoast-seo-wordpress\/ -->\n<title>Pflegende Angeh\u00f6rige - St\u00ebftung H\u00ebllef Doheem<\/title>\n<meta name=\"description\" content=\"Avec plus de 2.000 collaborateurs hautement qualifi\u00e9s, la St\u00ebftung H\u00ebllef Doheem est le plus grand r\u00e9seau d&#039;aide et de soins \u00e0 domicile au Luxembourg. Rejoignez notre \u00e9quipe.\" \/>\n<meta name=\"robots\" content=\"index, follow, max-snippet:-1, max-image-preview:large, max-video-preview:-1\" \/>\n<link rel=\"canonical\" href=\"https:\/\/www.shd.lu\/de\/pflegende-angehoerige\/\" \/>\n<meta property=\"og:locale\" content=\"de_DE\" \/>\n<meta property=\"og:type\" content=\"article\" \/>\n<meta property=\"og:title\" content=\"Pflegende Angeh\u00f6rige - St\u00ebftung H\u00ebllef Doheem\" \/>\n<meta property=\"og:description\" content=\"Avec plus de 2.000 collaborateurs hautement qualifi\u00e9s, la St\u00ebftung H\u00ebllef Doheem est le plus grand r\u00e9seau d&#039;aide et de soins \u00e0 domicile au Luxembourg. Rejoignez notre \u00e9quipe.\" \/>\n<meta property=\"og:url\" content=\"https:\/\/www.shd.lu\/de\/pflegende-angehoerige\/\" \/>\n<meta property=\"og:site_name\" content=\"St\u00ebftung H\u00ebllef Doheem\" \/>\n<meta property=\"article:modified_time\" content=\"2025-10-10T14:43:30+00:00\" \/>\n<meta name=\"twitter:card\" content=\"summary_large_image\" \/>\n<meta name=\"twitter:label1\" content=\"Gesch\u00e4tzte Lesezeit\" \/>\n\t<meta name=\"twitter:data1\" content=\"5\u00a0Minuten\" \/>\n<script type=\"application\/ld+json\" class=\"yoast-schema-graph\">{\"@context\":\"https:\\\/\\\/schema.org\",\"@graph\":[{\"@type\":\"WebPage\",\"@id\":\"https:\\\/\\\/www.shd.lu\\\/de\\\/pflegende-angehoerige\\\/\",\"url\":\"https:\\\/\\\/www.shd.lu\\\/de\\\/pflegende-angehoerige\\\/\",\"name\":\"Pflegende Angeh\u00f6rige - St\u00ebftung H\u00ebllef Doheem\",\"isPartOf\":{\"@id\":\"https:\\\/\\\/www.shd.lu\\\/#website\"},\"datePublished\":\"2025-10-03T06:07:12+00:00\",\"dateModified\":\"2025-10-10T14:43:30+00:00\",\"description\":\"Avec plus de 2.000 collaborateurs hautement qualifi\u00e9s, la St\u00ebftung H\u00ebllef Doheem est le plus grand r\u00e9seau d'aide et de soins \u00e0 domicile au Luxembourg. Rejoignez notre \u00e9quipe.\",\"breadcrumb\":{\"@id\":\"https:\\\/\\\/www.shd.lu\\\/de\\\/pflegende-angehoerige\\\/#breadcrumb\"},\"inLanguage\":\"de\",\"potentialAction\":[{\"@type\":\"ReadAction\",\"target\":[\"https:\\\/\\\/www.shd.lu\\\/de\\\/pflegende-angehoerige\\\/\"]}]},{\"@type\":\"BreadcrumbList\",\"@id\":\"https:\\\/\\\/www.shd.lu\\\/de\\\/pflegende-angehoerige\\\/#breadcrumb\",\"itemListElement\":[{\"@type\":\"ListItem\",\"position\":1,\"name\":\"Accueil\",\"item\":\"https:\\\/\\\/www.shd.lu\\\/de\\\/\"},{\"@type\":\"ListItem\",\"position\":2,\"name\":\"Pflegende Angeh\u00f6rige\"}]},{\"@type\":\"WebSite\",\"@id\":\"https:\\\/\\\/www.shd.lu\\\/#website\",\"url\":\"https:\\\/\\\/www.shd.lu\\\/\",\"name\":\"St\u00ebftung H\u00ebllef Doheem\",\"description\":\"Aides et soins au Luxembourg\",\"potentialAction\":[{\"@type\":\"SearchAction\",\"target\":{\"@type\":\"EntryPoint\",\"urlTemplate\":\"https:\\\/\\\/www.shd.lu\\\/?s={search_term_string}\"},\"query-input\":{\"@type\":\"PropertyValueSpecification\",\"valueRequired\":true,\"valueName\":\"search_term_string\"}}],\"inLanguage\":\"de\"}]}<\/script>\n<!-- \/ Yoast SEO plugin. -->","yoast_head_json":{"title":"Pflegende Angeh\u00f6rige - St\u00ebftung H\u00ebllef Doheem","description":"Avec plus de 2.000 collaborateurs hautement qualifi\u00e9s, la St\u00ebftung H\u00ebllef Doheem est le plus grand r\u00e9seau d'aide et de soins \u00e0 domicile au Luxembourg. Rejoignez notre \u00e9quipe.","robots":{"index":"index","follow":"follow","max-snippet":"max-snippet:-1","max-image-preview":"max-image-preview:large","max-video-preview":"max-video-preview:-1"},"canonical":"https:\/\/www.shd.lu\/de\/pflegende-angehoerige\/","og_locale":"de_DE","og_type":"article","og_title":"Pflegende Angeh\u00f6rige - St\u00ebftung H\u00ebllef Doheem","og_description":"Avec plus de 2.000 collaborateurs hautement qualifi\u00e9s, la St\u00ebftung H\u00ebllef Doheem est le plus grand r\u00e9seau d'aide et de soins \u00e0 domicile au Luxembourg. Rejoignez notre \u00e9quipe.","og_url":"https:\/\/www.shd.lu\/de\/pflegende-angehoerige\/","og_site_name":"St\u00ebftung H\u00ebllef Doheem","article_modified_time":"2025-10-10T14:43:30+00:00","twitter_card":"summary_large_image","twitter_misc":{"Gesch\u00e4tzte Lesezeit":"5\u00a0Minuten"},"schema":{"@context":"https:\/\/schema.org","@graph":[{"@type":"WebPage","@id":"https:\/\/www.shd.lu\/de\/pflegende-angehoerige\/","url":"https:\/\/www.shd.lu\/de\/pflegende-angehoerige\/","name":"Pflegende Angeh\u00f6rige - St\u00ebftung H\u00ebllef Doheem","isPartOf":{"@id":"https:\/\/www.shd.lu\/#website"},"datePublished":"2025-10-03T06:07:12+00:00","dateModified":"2025-10-10T14:43:30+00:00","description":"Avec plus de 2.000 collaborateurs hautement qualifi\u00e9s, la St\u00ebftung H\u00ebllef Doheem est le plus grand r\u00e9seau d'aide et de soins \u00e0 domicile au Luxembourg. Rejoignez notre \u00e9quipe.","breadcrumb":{"@id":"https:\/\/www.shd.lu\/de\/pflegende-angehoerige\/#breadcrumb"},"inLanguage":"de","potentialAction":[{"@type":"ReadAction","target":["https:\/\/www.shd.lu\/de\/pflegende-angehoerige\/"]}]},{"@type":"BreadcrumbList","@id":"https:\/\/www.shd.lu\/de\/pflegende-angehoerige\/#breadcrumb","itemListElement":[{"@type":"ListItem","position":1,"name":"Accueil","item":"https:\/\/www.shd.lu\/de\/"},{"@type":"ListItem","position":2,"name":"Pflegende Angeh\u00f6rige"}]},{"@type":"WebSite","@id":"https:\/\/www.shd.lu\/#website","url":"https:\/\/www.shd.lu\/","name":"St\u00ebftung H\u00ebllef Doheem","description":"Aides et soins au Luxembourg","potentialAction":[{"@type":"SearchAction","target":{"@type":"EntryPoint","urlTemplate":"https:\/\/www.shd.lu\/?s={search_term_string}"},"query-input":{"@type":"PropertyValueSpecification","valueRequired":true,"valueName":"search_term_string"}}],"inLanguage":"de"}]}},"_links":{"self":[{"href":"https:\/\/www.shd.lu\/de\/wp-json\/wp\/v2\/pages\/14134","targetHints":{"allow":["GET"]}}],"collection":[{"href":"https:\/\/www.shd.lu\/de\/wp-json\/wp\/v2\/pages"}],"about":[{"href":"https:\/\/www.shd.lu\/de\/wp-json\/wp\/v2\/types\/page"}],"author":[{"embeddable":true,"href":"https:\/\/www.shd.lu\/de\/wp-json\/wp\/v2\/users\/4"}],"replies":[{"embeddable":true,"href":"https:\/\/www.shd.lu\/de\/wp-json\/wp\/v2\/comments?post=14134"}],"version-history":[{"count":0,"href":"https:\/\/www.shd.lu\/de\/wp-json\/wp\/v2\/pages\/14134\/revisions"}],"wp:attachment":[{"href":"https:\/\/www.shd.lu\/de\/wp-json\/wp\/v2\/media?parent=14134"}],"curies":[{"name":"wp","href":"https:\/\/api.w.org\/{rel}","templated":true}]}}