{"id":8582,"date":"2024-02-15T10:43:49","date_gmt":"2024-02-15T09:43:49","guid":{"rendered":"https:\/\/www.shd.lu\/vos-opinions\/"},"modified":"2024-02-15T11:03:30","modified_gmt":"2024-02-15T10:03:30","slug":"vos-opinions","status":"publish","type":"page","link":"https:\/\/www.shd.lu\/de\/vos-opinions\/","title":{"rendered":"Referenzen"},"content":{"rendered":"<p>[vc_row tm_bgimagefixed=&#8220;&#8220;][vc_column offset=&#8220;vc_hidden-md vc_hidden-sm vc_hidden-xs&#8220;][vc_empty_space height=&#8220;1em&#8220;][\/vc_column][\/vc_row][vc_row][vc_column width=&#8220;1\/4&#8243; offset=&#8220;vc_hidden-md vc_hidden-sm vc_hidden-xs&#8220;][vc_single_image image=&#8220;8570&#8243; alignment=&#8220;center&#8220; css=&#8220;.vc_custom_1707990054696{margin-bottom: 1em !important;}&#8220;][\/vc_column][vc_column width=&#8220;3\/4&#8243; offset=&#8220;vc_hidden-md vc_hidden-sm vc_hidden-xs&#8220; css=&#8220;.vc_custom_1707990113837{margin-bottom: 0px !important;}&#8220;][vc_column_text css=&#8220;.vc_custom_1707991372646{margin-bottom: 1em !important;}&#8220;]<\/p>\n<h1>Referenzen<\/h1>\n<p>[\/vc_column_text][vc_column_text el_class=&#8220;introdarkblue&#8220;]Entdecken Sie, was unsere Klienten \u00fcber uns zu sagen haben \u2013 Ihre Zufriedenheit ist unsere gr\u00f6\u00dfte Motivation.[\/vc_column_text][\/vc_column][\/vc_row][vc_row][vc_column width=&#8220;1\/4&#8243; offset=&#8220;vc_hidden-lg&#8220;][vc_single_image image=&#8220;8570&#8243; img_size=&#8220;100&#215;100&#8243; alignment=&#8220;center&#8220; css=&#8220;.vc_custom_1707990124420{margin-bottom: 1em !important;}&#8220;][\/vc_column][vc_column width=&#8220;3\/4&#8243; offset=&#8220;vc_hidden-lg&#8220;][vc_column_text css=&#8220;.vc_custom_1707991379427{margin-bottom: 1em !important;}&#8220;]<\/p>\n<h1 style=\"text-align: center; font-size: 2em; line-height: 1.2em;\">Referenzen<\/h1>\n<p>[\/vc_column_text][vc_column_text el_class=&#8220;introdarkblue&#8220;]<\/p>\n<p style=\"text-align: center;\">Entdecken Sie, was unsere Klienten \u00fcber uns zu sagen haben \u2013 Ihre Zufriedenheit ist unsere gr\u00f6\u00dfte Motivation.<\/p>\n<p>[\/vc_column_text][\/vc_column][\/vc_row][vc_row][vc_column][vc_separator border_width=&#8220;2&#8243; css=&#8220;.vc_custom_1683210162903{margin-bottom: 50px !important;}&#8220;][\/vc_column][\/vc_row][vc_row tm_bgimagefixed=&#8220;&#8220; css=&#8220;.vc_custom_1707991175951{margin-bottom: 55px !important;}&#8220;][vc_column]<div class=\"themetechmount-boxes themetechmount-boxes-testimonial themetechmount-boxes-view-carousel themetechmount-boxes-col-two themetechmount-boxes-sortable-no themetechmount-boxes-textalign-center tm-cta3-rev-heading tm-boxes-carousel-arrow-round tm-boxes-carousel-arrows-1\" data-tm-speed=\"1500\" data-tm-autoplay=\"1\" data-tm-autoplayspeed=\"4500\" data-tm-loop=\"1\" data-tm-dots=\"0\" data-tm-nav=\"1\" data-tm-centermode=\"0\" data-tm-centerpadding=\"300\" data-tm-arrowtype=\"round\" data-tm-pauseonfocus=\"1\" data-tm-pauseonhover=\"1\" data-tm-slidestoscroll=\"column\" data-tm-effecttype=\"slide\">\n\t\t<div class=\"themetechmount-boxes-inner themetechmount-boxes-testimonial-inner \">\n\t\t\t\t\n\t\t\t\t<div class=\"row multi-columns-row themetechmount-boxes-row-wrapper\">\n\t\t\t\t\t<div class=\"tm-box-col-wrapper col-lg-6 col-sm-6 col-md-6 col-xs-12 \"><article class=\"themetechmount-box themetechmount-box-testimonial themetechmount-box-view-default themetechmount-testimonial-style1\">\n\t<div class=\"themetechmount-post-item\">\t\t\n\t\t<div class=\"themetechmount-box-content tm-shadow-box\">\n\t\t\t<div class=\"themetechmount-box-author\">\n\t\t\t\t<div class=\"themetechmount-box-img\"><span class=\"themetechmount-icon-box\"><i class=\"demo-icon tm-zenista-icon-quote-left\"><\/i><\/span><\/div>\n\t\t\t\t<div class=\"themetechmount-box-title\"><h3 class=\"themetechmount-author-name\">Andr\u00e9e Kuntsch<\/h3><\/div>\n\t\t\t<\/div>\t\n\n\t\t    <div class=\"themetechmount-box-desc\">\n\t\t\t\t<blockquote class=\"themetechmount-testimonial-text\">Comme j'ai subi une op\u00e9ration de l'hallux, H\u00ebllef Doheem est venu chez moi tous les jours. Je ne peux dire que du bien du personnel, super aimable et comp\u00e9tent.<\/blockquote>\n\t\t\t\t <div class=\"themetechmount-ratting-star\"> <i class=\"tm-zenista-icon-star-1 tm-active\"><\/i>  <i class=\"tm-zenista-icon-star-1 tm-active\"><\/i>  <i class=\"tm-zenista-icon-star-1 tm-active\"><\/i>  <i class=\"tm-zenista-icon-star-1 tm-active\"><\/i>  <i class=\"tm-zenista-icon-star-1 tm-active\"><\/i> <\/div>\n\t\t\t<\/div>\t\t\n\t\t<\/div>\n\t<\/div>\n<\/article><\/div><div class=\"tm-box-col-wrapper col-lg-6 col-sm-6 col-md-6 col-xs-12 \"><article class=\"themetechmount-box themetechmount-box-testimonial themetechmount-box-view-default themetechmount-testimonial-style1\">\n\t<div class=\"themetechmount-post-item\">\t\t\n\t\t<div class=\"themetechmount-box-content tm-shadow-box\">\n\t\t\t<div class=\"themetechmount-box-author\">\n\t\t\t\t<div class=\"themetechmount-box-img\"><span class=\"themetechmount-icon-box\"><i class=\"demo-icon tm-zenista-icon-quote-left\"><\/i><\/span><\/div>\n\t\t\t\t<div class=\"themetechmount-box-title\"><h3 class=\"themetechmount-author-name\">DroneMx<\/h3><\/div>\n\t\t\t<\/div>\t\n\n\t\t    <div class=\"themetechmount-box-desc\">\n\t\t\t\t<blockquote class=\"themetechmount-testimonial-text\">Sehr freundlich und professionell. Praktisch, um sich die F\u00e4den ziehen zu lassen.<\/blockquote>\n\t\t\t\t <div class=\"themetechmount-ratting-star\"> <i class=\"tm-zenista-icon-star-1 tm-active\"><\/i>  <i class=\"tm-zenista-icon-star-1 tm-active\"><\/i>  <i class=\"tm-zenista-icon-star-1 tm-active\"><\/i>  <i class=\"tm-zenista-icon-star-1 tm-active\"><\/i>  <i class=\"tm-zenista-icon-star-1 tm-active\"><\/i> <\/div>\n\t\t\t<\/div>\t\t\n\t\t<\/div>\n\t<\/div>\n<\/article><\/div><div class=\"tm-box-col-wrapper col-lg-6 col-sm-6 col-md-6 col-xs-12 \"><article class=\"themetechmount-box themetechmount-box-testimonial themetechmount-box-view-default themetechmount-testimonial-style1\">\n\t<div class=\"themetechmount-post-item\">\t\t\n\t\t<div class=\"themetechmount-box-content tm-shadow-box\">\n\t\t\t<div class=\"themetechmount-box-author\">\n\t\t\t\t<div class=\"themetechmount-box-img\"><span class=\"themetechmount-icon-box\"><i class=\"demo-icon tm-zenista-icon-quote-left\"><\/i><\/span><\/div>\n\t\t\t\t<div class=\"themetechmount-box-title\"><h3 class=\"themetechmount-author-name\">Jean PETTINGER<\/h3><\/div>\n\t\t\t<\/div>\t\n\n\t\t    <div class=\"themetechmount-box-desc\">\n\t\t\t\t<blockquote class=\"themetechmount-testimonial-text\">Super Service. Vielen vielen Dank. Gerne wieder<\/blockquote>\n\t\t\t\t <div class=\"themetechmount-ratting-star\"> <i class=\"tm-zenista-icon-star-1 tm-active\"><\/i>  <i class=\"tm-zenista-icon-star-1 tm-active\"><\/i>  <i class=\"tm-zenista-icon-star-1 tm-active\"><\/i>  <i class=\"tm-zenista-icon-star-1 tm-active\"><\/i>  <i class=\"tm-zenista-icon-star-1 tm-active\"><\/i> <\/div>\n\t\t\t<\/div>\t\t\n\t\t<\/div>\n\t<\/div>\n<\/article><\/div><div class=\"tm-box-col-wrapper col-lg-6 col-sm-6 col-md-6 col-xs-12 \"><article class=\"themetechmount-box themetechmount-box-testimonial themetechmount-box-view-default themetechmount-testimonial-style1\">\n\t<div class=\"themetechmount-post-item\">\t\t\n\t\t<div class=\"themetechmount-box-content tm-shadow-box\">\n\t\t\t<div class=\"themetechmount-box-author\">\n\t\t\t\t<div class=\"themetechmount-box-img\"><span class=\"themetechmount-icon-box\"><i class=\"demo-icon tm-zenista-icon-quote-left\"><\/i><\/span><\/div>\n\t\t\t\t<div class=\"themetechmount-box-title\"><h3 class=\"themetechmount-author-name\">Ries Xena<\/h3><\/div>\n\t\t\t<\/div>\t\n\n\t\t    <div class=\"themetechmount-box-desc\">\n\t\t\t\t<blockquote class=\"themetechmount-testimonial-text\">Nur zu empfehlen, liebes Personal und sehr hilfsbereit..<\/blockquote>\n\t\t\t\t <div class=\"themetechmount-ratting-star\"> <i class=\"tm-zenista-icon-star-1 tm-active\"><\/i>  <i class=\"tm-zenista-icon-star-1 tm-active\"><\/i>  <i class=\"tm-zenista-icon-star-1 tm-active\"><\/i>  <i class=\"tm-zenista-icon-star-1 tm-active\"><\/i>  <i class=\"tm-zenista-icon-star-1 tm-active\"><\/i> <\/div>\n\t\t\t<\/div>\t\t\n\t\t<\/div>\n\t<\/div>\n<\/article><\/div><div class=\"tm-box-col-wrapper col-lg-6 col-sm-6 col-md-6 col-xs-12 \"><article class=\"themetechmount-box themetechmount-box-testimonial themetechmount-box-view-default themetechmount-testimonial-style1\">\n\t<div class=\"themetechmount-post-item\">\t\t\n\t\t<div class=\"themetechmount-box-content tm-shadow-box\">\n\t\t\t<div class=\"themetechmount-box-author\">\n\t\t\t\t<div class=\"themetechmount-box-img\"><span class=\"themetechmount-icon-box\"><i class=\"demo-icon tm-zenista-icon-quote-left\"><\/i><\/span><\/div>\n\t\t\t\t<div class=\"themetechmount-box-title\"><h3 class=\"themetechmount-author-name\">Laurent Schintgen<\/h3><\/div>\n\t\t\t<\/div>\t\n\n\t\t    <div class=\"themetechmount-box-desc\">\n\t\t\t\t<blockquote class=\"themetechmount-testimonial-text\">Ich danke dem gesamten Team am Standort Schifflingen f\u00fcr all ihre Leistungen bei mir... immer ein offenes Ohr, freundlich und respektvoll mir gegen\u00fcber.<\/blockquote>\n\t\t\t\t <div class=\"themetechmount-ratting-star\"> <i class=\"tm-zenista-icon-star-1 tm-active\"><\/i>  <i class=\"tm-zenista-icon-star-1 tm-active\"><\/i>  <i class=\"tm-zenista-icon-star-1 tm-active\"><\/i>  <i class=\"tm-zenista-icon-star-1 tm-active\"><\/i>  <i class=\"tm-zenista-icon-star-1 tm-active\"><\/i> <\/div>\n\t\t\t<\/div>\t\t\n\t\t<\/div>\n\t<\/div>\n<\/article><\/div><div class=\"tm-box-col-wrapper col-lg-6 col-sm-6 col-md-6 col-xs-12 \"><article class=\"themetechmount-box themetechmount-box-testimonial themetechmount-box-view-default themetechmount-testimonial-style1\">\n\t<div class=\"themetechmount-post-item\">\t\t\n\t\t<div class=\"themetechmount-box-content tm-shadow-box\">\n\t\t\t<div class=\"themetechmount-box-author\">\n\t\t\t\t<div class=\"themetechmount-box-img\"><span class=\"themetechmount-icon-box\"><i class=\"demo-icon tm-zenista-icon-quote-left\"><\/i><\/span><\/div>\n\t\t\t\t<div class=\"themetechmount-box-title\"><h3 class=\"themetechmount-author-name\">Leo Colsell<\/h3><\/div>\n\t\t\t<\/div>\t\n\n\t\t    <div class=\"themetechmount-box-desc\">\n\t\t\t\t<blockquote class=\"themetechmount-testimonial-text\">Seit meiner Operation hatte ich das Vergn\u00fcgen, von elf Krankenschwestern von H\u00ebllef Doheem in Redange gepflegt zu werden, deren Geduld, Fachwissen und guter Humor mir sehr gefallen haben, und ich m\u00f6chte ihnen meine Dankbarkeit und Anerkennung aussprechen. Ein gro\u00dfes Dankesch\u00f6n an alle!<\/blockquote>\n\t\t\t\t <div class=\"themetechmount-ratting-star\"> <i class=\"tm-zenista-icon-star-1 tm-active\"><\/i>  <i class=\"tm-zenista-icon-star-1 tm-active\"><\/i>  <i class=\"tm-zenista-icon-star-1 tm-active\"><\/i>  <i class=\"tm-zenista-icon-star-1 tm-active\"><\/i>  <i class=\"tm-zenista-icon-star-1 tm-active\"><\/i> <\/div>\n\t\t\t<\/div>\t\t\n\t\t<\/div>\n\t<\/div>\n<\/article><\/div><div class=\"tm-box-col-wrapper col-lg-6 col-sm-6 col-md-6 col-xs-12 \"><article class=\"themetechmount-box themetechmount-box-testimonial themetechmount-box-view-default themetechmount-testimonial-style1\">\n\t<div class=\"themetechmount-post-item\">\t\t\n\t\t<div class=\"themetechmount-box-content tm-shadow-box\">\n\t\t\t<div class=\"themetechmount-box-author\">\n\t\t\t\t<div class=\"themetechmount-box-img\"><span class=\"themetechmount-icon-box\"><i class=\"demo-icon tm-zenista-icon-quote-left\"><\/i><\/span><\/div>\n\t\t\t\t<div class=\"themetechmount-box-title\"><h3 class=\"themetechmount-author-name\">Zara-ly Pizzuto L\u00ea-uan<\/h3><\/div>\n\t\t\t<\/div>\t\n\n\t\t    <div class=\"themetechmount-box-desc\">\n\t\t\t\t<blockquote class=\"themetechmount-testimonial-text\">Professionell und flexibel<\/blockquote>\n\t\t\t\t <div class=\"themetechmount-ratting-star\"> <i class=\"tm-zenista-icon-star-1 tm-active\"><\/i>  <i class=\"tm-zenista-icon-star-1 tm-active\"><\/i>  <i class=\"tm-zenista-icon-star-1 tm-active\"><\/i>  <i class=\"tm-zenista-icon-star-1 tm-active\"><\/i>  <i class=\"tm-zenista-icon-star-1 tm-active\"><\/i> <\/div>\n\t\t\t<\/div>\t\t\n\t\t<\/div>\n\t<\/div>\n<\/article><\/div>\n\t\t\t\t<\/div>\n\t\t\t<\/div><!-- .themetechmount-boxes-inner -->   <\/div><!-- .themetechmount-boxes -->  [\/vc_column][\/vc_row]<\/p>\n","protected":false},"excerpt":{"rendered":"<p>[vc_row tm_bgimagefixed=&#8220;&#8220;][vc_column offset=&#8220;vc_hidden-md vc_hidden-sm vc_hidden-xs&#8220;][vc_empty_space height=&#8220;1em&#8220;][\/vc_column][\/vc_row][vc_row][vc_column width=&#8220;1\/4&#8243; offset=&#8220;vc_hidden-md vc_hidden-sm vc_hidden-xs&#8220;][vc_single_image image=&#8220;8570&#8243; alignment=&#8220;center&#8220; css=&#8220;.vc_custom_1707990054696{margin-bottom: 1em !important;}&#8220;][\/vc_column][vc_column width=&#8220;3\/4&#8243; offset=&#8220;vc_hidden-md vc_hidden-sm vc_hidden-xs&#8220; css=&#8220;.vc_custom_1707990113837{margin-bottom: 0px !important;}&#8220;][vc_column_text css=&#8220;.vc_custom_1707991372646{margin-bottom: 1em !important;}&#8220;] Referenzen [\/vc_column_text][vc_column_text el_class=&#8220;introdarkblue&#8220;]Entdecken Sie, was unsere Klienten \u00fcber uns zu sagen haben \u2013 Ihre Zufriedenheit ist unsere gr\u00f6\u00dfte Motivation.[\/vc_column_text][\/vc_column][\/vc_row][vc_row][vc_column width=&#8220;1\/4&#8243; offset=&#8220;vc_hidden-lg&#8220;][vc_single_image image=&#8220;8570&#8243; img_size=&#8220;100&#215;100&#8243; alignment=&#8220;center&#8220; css=&#8220;.vc_custom_1707990124420{margin-bottom: 1em !important;}&#8220;][\/vc_column][vc_column width=&#8220;3\/4&#8243; offset=&#8220;vc_hidden-lg&#8220;][vc_column_text css=&#8220;.vc_custom_1707991379427{margin-bottom: &hellip; <a href=\"https:\/\/www.shd.lu\/de\/testimonial\/jean-bonnneau\/\" class=\"more-link\">Continue reading <span class=\"screen-reader-text\">Zara-ly Pizzuto L\u00ea-uan<\/span><\/a><\/p>\n","protected":false},"author":4,"featured_media":0,"parent":0,"menu_order":0,"comment_status":"closed","ping_status":"closed","template":"","meta":{"footnotes":""},"class_list":["post-8582","page","type-page","status-publish","hentry"],"yoast_head":"<!-- This site is optimized with the Yoast SEO plugin v27.4 - https:\/\/yoast.com\/product\/yoast-seo-wordpress\/ -->\n<title>Referenzen - St\u00ebftung H\u00ebllef Doheem<\/title>\n<meta name=\"robots\" content=\"index, follow, max-snippet:-1, max-image-preview:large, max-video-preview:-1\" \/>\n<link rel=\"canonical\" href=\"https:\/\/www.shd.lu\/de\/vos-opinions\/\" \/>\n<meta property=\"og:locale\" content=\"de_DE\" \/>\n<meta property=\"og:type\" content=\"article\" \/>\n<meta property=\"og:title\" content=\"Referenzen - St\u00ebftung H\u00ebllef Doheem\" \/>\n<meta property=\"og:description\" content=\"[vc_row tm_bgimagefixed=&#8220;&#8220;][vc_column offset=&#8220;vc_hidden-md vc_hidden-sm vc_hidden-xs&#8220;][vc_empty_space height=&#8220;1em&#8220;][\/vc_column][\/vc_row][vc_row][vc_column width=&#8220;1\/4&#8243; offset=&#8220;vc_hidden-md vc_hidden-sm vc_hidden-xs&#8220;][vc_single_image image=&#8220;8570&#8243; alignment=&#8220;center&#8220; css=&#8220;.vc_custom_1707990054696{margin-bottom: 1em !important;}&#8220;][\/vc_column][vc_column width=&#8220;3\/4&#8243; offset=&#8220;vc_hidden-md vc_hidden-sm vc_hidden-xs&#8220; css=&#8220;.vc_custom_1707990113837{margin-bottom: 0px !important;}&#8220;][vc_column_text css=&#8220;.vc_custom_1707991372646{margin-bottom: 1em !important;}&#8220;] Referenzen [\/vc_column_text][vc_column_text el_class=&#8220;introdarkblue&#8220;]Entdecken Sie, was unsere Klienten \u00fcber uns zu sagen haben \u2013 Ihre Zufriedenheit ist unsere gr\u00f6\u00dfte Motivation.[\/vc_column_text][\/vc_column][\/vc_row][vc_row][vc_column width=&#8220;1\/4&#8243; offset=&#8220;vc_hidden-lg&#8220;][vc_single_image image=&#8220;8570&#8243; img_size=&#8220;100&#215;100&#8243; alignment=&#8220;center&#8220; css=&#8220;.vc_custom_1707990124420{margin-bottom: 1em !important;}&#8220;][\/vc_column][vc_column width=&#8220;3\/4&#8243; offset=&#8220;vc_hidden-lg&#8220;][vc_column_text css=&#8220;.vc_custom_1707991379427{margin-bottom: &hellip; Continue reading Zara-ly Pizzuto L\u00ea-uan\" \/>\n<meta property=\"og:url\" content=\"https:\/\/www.shd.lu\/de\/vos-opinions\/\" \/>\n<meta property=\"og:site_name\" content=\"St\u00ebftung H\u00ebllef Doheem\" \/>\n<meta property=\"article:modified_time\" content=\"2024-02-15T10:03:30+00:00\" \/>\n<meta name=\"twitter:card\" content=\"summary_large_image\" \/>\n<meta name=\"twitter:label1\" content=\"Gesch\u00e4tzte Lesezeit\" \/>\n\t<meta name=\"twitter:data1\" content=\"1\u00a0Minute\" \/>\n<script type=\"application\/ld+json\" class=\"yoast-schema-graph\">{\"@context\":\"https:\\\/\\\/schema.org\",\"@graph\":[{\"@type\":\"WebPage\",\"@id\":\"https:\\\/\\\/www.shd.lu\\\/de\\\/vos-opinions\\\/\",\"url\":\"https:\\\/\\\/www.shd.lu\\\/de\\\/vos-opinions\\\/\",\"name\":\"Referenzen - St\u00ebftung H\u00ebllef Doheem\",\"isPartOf\":{\"@id\":\"https:\\\/\\\/www.shd.lu\\\/#website\"},\"datePublished\":\"2024-02-15T09:43:49+00:00\",\"dateModified\":\"2024-02-15T10:03:30+00:00\",\"breadcrumb\":{\"@id\":\"https:\\\/\\\/www.shd.lu\\\/de\\\/vos-opinions\\\/#breadcrumb\"},\"inLanguage\":\"de\",\"potentialAction\":[{\"@type\":\"ReadAction\",\"target\":[\"https:\\\/\\\/www.shd.lu\\\/de\\\/vos-opinions\\\/\"]}]},{\"@type\":\"BreadcrumbList\",\"@id\":\"https:\\\/\\\/www.shd.lu\\\/de\\\/vos-opinions\\\/#breadcrumb\",\"itemListElement\":[{\"@type\":\"ListItem\",\"position\":1,\"name\":\"Accueil\",\"item\":\"https:\\\/\\\/www.shd.lu\\\/de\\\/\"},{\"@type\":\"ListItem\",\"position\":2,\"name\":\"Referenzen\"}]},{\"@type\":\"WebSite\",\"@id\":\"https:\\\/\\\/www.shd.lu\\\/#website\",\"url\":\"https:\\\/\\\/www.shd.lu\\\/\",\"name\":\"St\u00ebftung H\u00ebllef Doheem\",\"description\":\"Aides et soins au Luxembourg\",\"potentialAction\":[{\"@type\":\"SearchAction\",\"target\":{\"@type\":\"EntryPoint\",\"urlTemplate\":\"https:\\\/\\\/www.shd.lu\\\/?s={search_term_string}\"},\"query-input\":{\"@type\":\"PropertyValueSpecification\",\"valueRequired\":true,\"valueName\":\"search_term_string\"}}],\"inLanguage\":\"de\"}]}<\/script>\n<!-- \/ Yoast SEO plugin. -->","yoast_head_json":{"title":"Referenzen - St\u00ebftung H\u00ebllef Doheem","robots":{"index":"index","follow":"follow","max-snippet":"max-snippet:-1","max-image-preview":"max-image-preview:large","max-video-preview":"max-video-preview:-1"},"canonical":"https:\/\/www.shd.lu\/de\/vos-opinions\/","og_locale":"de_DE","og_type":"article","og_title":"Referenzen - St\u00ebftung H\u00ebllef Doheem","og_description":"[vc_row tm_bgimagefixed=&#8220;&#8220;][vc_column offset=&#8220;vc_hidden-md vc_hidden-sm vc_hidden-xs&#8220;][vc_empty_space height=&#8220;1em&#8220;][\/vc_column][\/vc_row][vc_row][vc_column width=&#8220;1\/4&#8243; offset=&#8220;vc_hidden-md vc_hidden-sm vc_hidden-xs&#8220;][vc_single_image image=&#8220;8570&#8243; alignment=&#8220;center&#8220; css=&#8220;.vc_custom_1707990054696{margin-bottom: 1em !important;}&#8220;][\/vc_column][vc_column width=&#8220;3\/4&#8243; offset=&#8220;vc_hidden-md vc_hidden-sm vc_hidden-xs&#8220; css=&#8220;.vc_custom_1707990113837{margin-bottom: 0px !important;}&#8220;][vc_column_text css=&#8220;.vc_custom_1707991372646{margin-bottom: 1em !important;}&#8220;] Referenzen [\/vc_column_text][vc_column_text el_class=&#8220;introdarkblue&#8220;]Entdecken Sie, was unsere Klienten \u00fcber uns zu sagen haben \u2013 Ihre Zufriedenheit ist unsere gr\u00f6\u00dfte Motivation.[\/vc_column_text][\/vc_column][\/vc_row][vc_row][vc_column width=&#8220;1\/4&#8243; offset=&#8220;vc_hidden-lg&#8220;][vc_single_image image=&#8220;8570&#8243; img_size=&#8220;100&#215;100&#8243; alignment=&#8220;center&#8220; css=&#8220;.vc_custom_1707990124420{margin-bottom: 1em !important;}&#8220;][\/vc_column][vc_column width=&#8220;3\/4&#8243; offset=&#8220;vc_hidden-lg&#8220;][vc_column_text css=&#8220;.vc_custom_1707991379427{margin-bottom: &hellip; Continue reading Zara-ly Pizzuto L\u00ea-uan","og_url":"https:\/\/www.shd.lu\/de\/vos-opinions\/","og_site_name":"St\u00ebftung H\u00ebllef Doheem","article_modified_time":"2024-02-15T10:03:30+00:00","twitter_card":"summary_large_image","twitter_misc":{"Gesch\u00e4tzte Lesezeit":"1\u00a0Minute"},"schema":{"@context":"https:\/\/schema.org","@graph":[{"@type":"WebPage","@id":"https:\/\/www.shd.lu\/de\/vos-opinions\/","url":"https:\/\/www.shd.lu\/de\/vos-opinions\/","name":"Referenzen - St\u00ebftung H\u00ebllef Doheem","isPartOf":{"@id":"https:\/\/www.shd.lu\/#website"},"datePublished":"2024-02-15T09:43:49+00:00","dateModified":"2024-02-15T10:03:30+00:00","breadcrumb":{"@id":"https:\/\/www.shd.lu\/de\/vos-opinions\/#breadcrumb"},"inLanguage":"de","potentialAction":[{"@type":"ReadAction","target":["https:\/\/www.shd.lu\/de\/vos-opinions\/"]}]},{"@type":"BreadcrumbList","@id":"https:\/\/www.shd.lu\/de\/vos-opinions\/#breadcrumb","itemListElement":[{"@type":"ListItem","position":1,"name":"Accueil","item":"https:\/\/www.shd.lu\/de\/"},{"@type":"ListItem","position":2,"name":"Referenzen"}]},{"@type":"WebSite","@id":"https:\/\/www.shd.lu\/#website","url":"https:\/\/www.shd.lu\/","name":"St\u00ebftung H\u00ebllef Doheem","description":"Aides et soins au Luxembourg","potentialAction":[{"@type":"SearchAction","target":{"@type":"EntryPoint","urlTemplate":"https:\/\/www.shd.lu\/?s={search_term_string}"},"query-input":{"@type":"PropertyValueSpecification","valueRequired":true,"valueName":"search_term_string"}}],"inLanguage":"de"}]}},"_links":{"self":[{"href":"https:\/\/www.shd.lu\/de\/wp-json\/wp\/v2\/pages\/8582","targetHints":{"allow":["GET"]}}],"collection":[{"href":"https:\/\/www.shd.lu\/de\/wp-json\/wp\/v2\/pages"}],"about":[{"href":"https:\/\/www.shd.lu\/de\/wp-json\/wp\/v2\/types\/page"}],"author":[{"embeddable":true,"href":"https:\/\/www.shd.lu\/de\/wp-json\/wp\/v2\/users\/4"}],"replies":[{"embeddable":true,"href":"https:\/\/www.shd.lu\/de\/wp-json\/wp\/v2\/comments?post=8582"}],"version-history":[{"count":0,"href":"https:\/\/www.shd.lu\/de\/wp-json\/wp\/v2\/pages\/8582\/revisions"}],"wp:attachment":[{"href":"https:\/\/www.shd.lu\/de\/wp-json\/wp\/v2\/media?parent=8582"}],"curies":[{"name":"wp","href":"https:\/\/api.w.org\/{rel}","templated":true}]}}