{"id":9093,"date":"2024-04-22T13:10:37","date_gmt":"2024-04-22T12:10:37","guid":{"rendered":"https:\/\/www.shd.lu\/presse\/"},"modified":"2024-04-22T13:20:17","modified_gmt":"2024-04-22T12:20:17","slug":"presse","status":"publish","type":"page","link":"https:\/\/www.shd.lu\/de\/presse\/","title":{"rendered":"Presse"},"content":{"rendered":"<p>[vc_row][vc_column offset=&#8220;vc_hidden-md vc_hidden-sm vc_hidden-xs&#8220;][vc_column_text]<nav aria-label=\"breadcrumbs\">\n            <div class=\"breadcrumb-container theme3\">\n                <ol>\n                                    <\/ol>\n            <\/div>\n        <\/nav>    <script type=\"application\/ld+json\">\n        {\n            \"@context\": \"http:\/\/schema.org\",\n            \"@type\": \"BreadcrumbList\",\n            \"itemListElement\": [\n                            ]\n        }\n    <\/script>\n   \n    <script>\n            <\/script>\n[\/vc_column_text][vc_empty_space height=&#8220;1em&#8220;][\/vc_column][\/vc_row][vc_row][vc_column][vc_column_text]<br \/>\n[\/vc_column_text][\/vc_column][\/vc_row][vc_row tm_bgimagefixed=&#8220;&#8220;][vc_column width=&#8220;1\/4&#8243; offset=&#8220;vc_hidden-md vc_hidden-sm vc_hidden-xs&#8220;][vc_single_image image=&#8220;836&#8243; img_size=&#8220;full&#8220; alignment=&#8220;center&#8220; css=&#8220;.vc_custom_1641901828490{margin-bottom: 1em !important;}&#8220;][\/vc_column][vc_column width=&#8220;3\/4&#8243; offset=&#8220;vc_hidden-md vc_hidden-sm vc_hidden-xs&#8220;]<h1 style=\"text-align:left;\" class=\"tm-custom-heading \" >Presse<\/h1>\n[vc_column_text el_class=&#8220;introdarkblue&#8220;]Hier finden Sie unsere verschiedenen Pressemitteilungen[\/vc_column_text][\/vc_column][\/vc_row][vc_row tm_bgimagefixed=&#8220;&#8220;][vc_column width=&#8220;1\/4&#8243; offset=&#8220;vc_hidden-lg&#8220;][vc_single_image image=&#8220;836&#8243; img_size=&#8220;100&#215;100&#8243; alignment=&#8220;center&#8220; css=&#8220;.vc_custom_1633958663623{margin-bottom: 1em !important;}&#8220;][\/vc_column][vc_column width=&#8220;3\/4&#8243; offset=&#8220;vc_hidden-lg&#8220;][vc_column_text]<br \/>\nInformationsbrosch\u00fcren<br \/>\n[\/vc_column_text][vc_column_text el_class=&#8220;introdarkblue&#8220;]<br \/>\nHier finden Sie die wichtigsten Informationen zu unserem vielf\u00e4ltigen Serviceangebot, kompakt verpackt.<br \/>\n[\/vc_column_text][\/vc_column][\/vc_row][vc_row tm_bgimagefixed=&#8220;&#8220; css=&#8220;.vc_custom_1603715359298{padding-top: 30px !important;padding-bottom: 40px !important;}&#8220; tm_responsive_css=&#8220;34573578|colbreak_no|||||||||colbreak_no|||||||0px||colbreak_no||||||||||colbreak_no|||||||||&#8220;][vc_column][vc_separator border_width=&#8220;2&#8243; css=&#8220;.vc_custom_1635866259013{margin-top: 1em !important;margin-bottom: 1em !important;}&#8220;][vc_row_inner css=&#8220;.vc_custom_1713445239468{padding-top: 15px !important;}&#8220; el_class=&#8220;blocpresse&#8220;][vc_column_inner width=&#8220;1\/4&#8243; css=&#8220;.vc_custom_1603194428964{padding-top: 5px !important;}&#8220;][vc_single_image image=&#8220;9041&#8243; img_size=&#8220;full&#8220; alignment=&#8220;center&#8220;][vc_column_text css=&#8220;.vc_custom_1713445226652{margin-top: 1em !important;}&#8220;]<\/p>\n<h5>27.03.24 &#8211; Visite de notre Centre Elise de Roebe \u00e0 la Biblioth\u00e8que Nationale du Luxembourg<\/h5>\n<p>[\/vc_column_text]\r\n\t\t<div class=\"tm-vc_btn3-container  bouton-media tm-vc_btn3-left\"><a class=\"tm-vc_general tm-vc_btn3 tm-vc_btn3-size-md tm-vc_btn3-shape-rounded tm-vc_btn3-style-flat tm-vc_btn3-weight-no tm-vc_btn3-block tm-vc_btn3-color-skincolor\" href=\"https:\/\/www.shd.lu\/wp-content\/uploads\/2024\/04\/240327_COMMUNIQUE-HELLEF-DOHEEM-BNL.zip\" title=\"\" target=\"_blank\">Herunterladen<\/a><\/div>[\/vc_column_inner][\/vc_row_inner][\/vc_column][\/vc_row][vc_section css=&#8220;.vc_custom_1637138322887{margin-top: 2em !important;}&#8220;][vc_row tm_bgimagefixed=&#8220;&#8220; css=&#8220;.vc_custom_1637138331871{padding-top: 2em !important;padding-right: 2em !important;padding-bottom: 2em !important;padding-left: 2em !important;background-color: #0a275a !important;}&#8220;][vc_column width=&#8220;2\/3&#8243;]<h3 style=\"text-align:left;color:#ffffff;\" class=\"tm-custom-heading \" >Hilfe bekommen?<\/h3>\n[vc_column_text]<\/p>\n<h6 style=\"color: white;\">Rufen Sie unsere Hotline unter 40 20 80 an. Wir werden dann einen Termin mit Ihnen vereinbaren und gemeinsam Ihre Bed\u00fcrfnisse sowie die Umsetzung unserer Unterst\u00fctzung besprechen.<\/h6>\n<p>[\/vc_column_text]<h3 style=\"text-align:left;line-height:1.2em;color:#ffffff;\" class=\"tm-custom-heading vc_custom_1713788412740\" >Mehr Informationen?<\/h3>\n[vc_column_text]<\/p>\n<h6 style=\"color: white;\">Per Telefon: 40 20 80 oder per E-Mail: info@shd.lu<\/h6>\n<p>[\/vc_column_text][\/vc_column][vc_column width=&#8220;1\/3&#8243;][vc_single_image image=&#8220;75&#8243; img_size=&#8220;200&#215;200&#8243; alignment=&#8220;center&#8220;]\r\n\t\t<div class=\"tm-vc_btn3-container tm-vc_btn3-center vc_custom_1642013309570\"><a class=\"tm-vc_general tm-vc_btn3 tm-vc_btn3-size-md tm-vc_btn3-shape-rounded tm-vc_btn3-style-flat tm-vc_btn3-weight-no tm-vc_btn3-icon-left tm-vc_btn3-color-skincolor\" href=\"tel:%20402080\" title=\"\"><i class=\"tm-vc_btn3-icon fa fa-phone\"><\/i> 40 20 80<\/a><\/div>[\/vc_column][\/vc_row][\/vc_section]<\/p>\n","protected":false},"excerpt":{"rendered":"<p>[vc_row][vc_column offset=&#8220;vc_hidden-md vc_hidden-sm vc_hidden-xs&#8220;][vc_column_text][\/vc_column_text][vc_empty_space height=&#8220;1em&#8220;][\/vc_column][\/vc_row][vc_row][vc_column][vc_column_text] [\/vc_column_text][\/vc_column][\/vc_row][vc_row tm_bgimagefixed=&#8220;&#8220;][vc_column width=&#8220;1\/4&#8243; offset=&#8220;vc_hidden-md vc_hidden-sm vc_hidden-xs&#8220;][vc_single_image image=&#8220;836&#8243; img_size=&#8220;full&#8220; alignment=&#8220;center&#8220; css=&#8220;.vc_custom_1641901828490{margin-bottom: 1em !important;}&#8220;][\/vc_column][vc_column width=&#8220;3\/4&#8243; offset=&#8220;vc_hidden-md vc_hidden-sm vc_hidden-xs&#8220;][vc_column_text el_class=&#8220;introdarkblue&#8220;]Hier finden Sie unsere verschiedenen Pressemitteilungen[\/vc_column_text][\/vc_column][\/vc_row][vc_row tm_bgimagefixed=&#8220;&#8220;][vc_column width=&#8220;1\/4&#8243; offset=&#8220;vc_hidden-lg&#8220;][vc_single_image image=&#8220;836&#8243; img_size=&#8220;100&#215;100&#8243; alignment=&#8220;center&#8220; css=&#8220;.vc_custom_1633958663623{margin-bottom: 1em !important;}&#8220;][\/vc_column][vc_column width=&#8220;3\/4&#8243; offset=&#8220;vc_hidden-lg&#8220;][vc_column_text] Informationsbrosch\u00fcren [\/vc_column_text][vc_column_text el_class=&#8220;introdarkblue&#8220;] Hier finden Sie die wichtigsten Informationen zu unserem vielf\u00e4ltigen Serviceangebot, kompakt verpackt. [\/vc_column_text][\/vc_column][\/vc_row][vc_row tm_bgimagefixed=&#8220;&#8220; &hellip; <a href=\"https:\/\/www.shd.lu\/de\/presse\/\" class=\"more-link\">Continue reading <span class=\"screen-reader-text\">Presse<\/span><\/a><\/p>\n","protected":false},"author":4,"featured_media":0,"parent":0,"menu_order":0,"comment_status":"closed","ping_status":"closed","template":"","meta":{"footnotes":""},"class_list":["post-9093","page","type-page","status-publish","hentry"],"yoast_head":"<!-- This site is optimized with the Yoast SEO plugin v27.4 - https:\/\/yoast.com\/product\/yoast-seo-wordpress\/ -->\n<title>Presse - St\u00ebftung H\u00ebllef Doheem<\/title>\n<meta name=\"description\" content=\"Hier finden Sie die wichtigsten Informationen \u00fcber unser vielf\u00e4ltiges Dienstleistungsangebot, kompakt verpackt\" \/>\n<meta name=\"robots\" content=\"index, follow, max-snippet:-1, max-image-preview:large, max-video-preview:-1\" \/>\n<link rel=\"canonical\" href=\"https:\/\/www.shd.lu\/de\/presse\/\" \/>\n<meta property=\"og:locale\" content=\"de_DE\" \/>\n<meta property=\"og:type\" content=\"article\" \/>\n<meta property=\"og:title\" content=\"Presse - St\u00ebftung H\u00ebllef Doheem\" \/>\n<meta property=\"og:description\" content=\"Hier finden Sie die wichtigsten Informationen \u00fcber unser vielf\u00e4ltiges Dienstleistungsangebot, kompakt verpackt\" \/>\n<meta property=\"og:url\" content=\"https:\/\/www.shd.lu\/de\/presse\/\" \/>\n<meta property=\"og:site_name\" content=\"St\u00ebftung H\u00ebllef Doheem\" \/>\n<meta property=\"article:modified_time\" content=\"2024-04-22T12:20:17+00:00\" \/>\n<meta name=\"twitter:card\" content=\"summary_large_image\" \/>\n<meta name=\"twitter:label1\" content=\"Gesch\u00e4tzte Lesezeit\" \/>\n\t<meta name=\"twitter:data1\" content=\"2\u00a0Minuten\" \/>\n<script type=\"application\/ld+json\" class=\"yoast-schema-graph\">{\"@context\":\"https:\\\/\\\/schema.org\",\"@graph\":[{\"@type\":\"WebPage\",\"@id\":\"https:\\\/\\\/www.shd.lu\\\/de\\\/presse\\\/\",\"url\":\"https:\\\/\\\/www.shd.lu\\\/de\\\/presse\\\/\",\"name\":\"Presse - St\u00ebftung H\u00ebllef Doheem\",\"isPartOf\":{\"@id\":\"https:\\\/\\\/www.shd.lu\\\/#website\"},\"datePublished\":\"2024-04-22T12:10:37+00:00\",\"dateModified\":\"2024-04-22T12:20:17+00:00\",\"description\":\"Hier finden Sie die wichtigsten Informationen \u00fcber unser vielf\u00e4ltiges Dienstleistungsangebot, kompakt verpackt\",\"breadcrumb\":{\"@id\":\"https:\\\/\\\/www.shd.lu\\\/de\\\/presse\\\/#breadcrumb\"},\"inLanguage\":\"de\",\"potentialAction\":[{\"@type\":\"ReadAction\",\"target\":[\"https:\\\/\\\/www.shd.lu\\\/de\\\/presse\\\/\"]}]},{\"@type\":\"BreadcrumbList\",\"@id\":\"https:\\\/\\\/www.shd.lu\\\/de\\\/presse\\\/#breadcrumb\",\"itemListElement\":[{\"@type\":\"ListItem\",\"position\":1,\"name\":\"Accueil\",\"item\":\"https:\\\/\\\/www.shd.lu\\\/de\\\/\"},{\"@type\":\"ListItem\",\"position\":2,\"name\":\"Presse\"}]},{\"@type\":\"WebSite\",\"@id\":\"https:\\\/\\\/www.shd.lu\\\/#website\",\"url\":\"https:\\\/\\\/www.shd.lu\\\/\",\"name\":\"St\u00ebftung H\u00ebllef Doheem\",\"description\":\"Aides et soins au Luxembourg\",\"potentialAction\":[{\"@type\":\"SearchAction\",\"target\":{\"@type\":\"EntryPoint\",\"urlTemplate\":\"https:\\\/\\\/www.shd.lu\\\/?s={search_term_string}\"},\"query-input\":{\"@type\":\"PropertyValueSpecification\",\"valueRequired\":true,\"valueName\":\"search_term_string\"}}],\"inLanguage\":\"de\"}]}<\/script>\n<!-- \/ Yoast SEO plugin. -->","yoast_head_json":{"title":"Presse - St\u00ebftung H\u00ebllef Doheem","description":"Hier finden Sie die wichtigsten Informationen \u00fcber unser vielf\u00e4ltiges Dienstleistungsangebot, kompakt verpackt","robots":{"index":"index","follow":"follow","max-snippet":"max-snippet:-1","max-image-preview":"max-image-preview:large","max-video-preview":"max-video-preview:-1"},"canonical":"https:\/\/www.shd.lu\/de\/presse\/","og_locale":"de_DE","og_type":"article","og_title":"Presse - St\u00ebftung H\u00ebllef Doheem","og_description":"Hier finden Sie die wichtigsten Informationen \u00fcber unser vielf\u00e4ltiges Dienstleistungsangebot, kompakt verpackt","og_url":"https:\/\/www.shd.lu\/de\/presse\/","og_site_name":"St\u00ebftung H\u00ebllef Doheem","article_modified_time":"2024-04-22T12:20:17+00:00","twitter_card":"summary_large_image","twitter_misc":{"Gesch\u00e4tzte Lesezeit":"2\u00a0Minuten"},"schema":{"@context":"https:\/\/schema.org","@graph":[{"@type":"WebPage","@id":"https:\/\/www.shd.lu\/de\/presse\/","url":"https:\/\/www.shd.lu\/de\/presse\/","name":"Presse - St\u00ebftung H\u00ebllef Doheem","isPartOf":{"@id":"https:\/\/www.shd.lu\/#website"},"datePublished":"2024-04-22T12:10:37+00:00","dateModified":"2024-04-22T12:20:17+00:00","description":"Hier finden Sie die wichtigsten Informationen \u00fcber unser vielf\u00e4ltiges Dienstleistungsangebot, kompakt verpackt","breadcrumb":{"@id":"https:\/\/www.shd.lu\/de\/presse\/#breadcrumb"},"inLanguage":"de","potentialAction":[{"@type":"ReadAction","target":["https:\/\/www.shd.lu\/de\/presse\/"]}]},{"@type":"BreadcrumbList","@id":"https:\/\/www.shd.lu\/de\/presse\/#breadcrumb","itemListElement":[{"@type":"ListItem","position":1,"name":"Accueil","item":"https:\/\/www.shd.lu\/de\/"},{"@type":"ListItem","position":2,"name":"Presse"}]},{"@type":"WebSite","@id":"https:\/\/www.shd.lu\/#website","url":"https:\/\/www.shd.lu\/","name":"St\u00ebftung H\u00ebllef Doheem","description":"Aides et soins au Luxembourg","potentialAction":[{"@type":"SearchAction","target":{"@type":"EntryPoint","urlTemplate":"https:\/\/www.shd.lu\/?s={search_term_string}"},"query-input":{"@type":"PropertyValueSpecification","valueRequired":true,"valueName":"search_term_string"}}],"inLanguage":"de"}]}},"_links":{"self":[{"href":"https:\/\/www.shd.lu\/de\/wp-json\/wp\/v2\/pages\/9093","targetHints":{"allow":["GET"]}}],"collection":[{"href":"https:\/\/www.shd.lu\/de\/wp-json\/wp\/v2\/pages"}],"about":[{"href":"https:\/\/www.shd.lu\/de\/wp-json\/wp\/v2\/types\/page"}],"author":[{"embeddable":true,"href":"https:\/\/www.shd.lu\/de\/wp-json\/wp\/v2\/users\/4"}],"replies":[{"embeddable":true,"href":"https:\/\/www.shd.lu\/de\/wp-json\/wp\/v2\/comments?post=9093"}],"version-history":[{"count":0,"href":"https:\/\/www.shd.lu\/de\/wp-json\/wp\/v2\/pages\/9093\/revisions"}],"wp:attachment":[{"href":"https:\/\/www.shd.lu\/de\/wp-json\/wp\/v2\/media?parent=9093"}],"curies":[{"name":"wp","href":"https:\/\/api.w.org\/{rel}","templated":true}]}}